{"id":20,"date":"2024-11-21T17:02:01","date_gmt":"2024-11-21T16:02:01","guid":{"rendered":"https:\/\/clappinghands.co.uk\/?page_id=20"},"modified":"2025-10-14T14:38:26","modified_gmt":"2025-10-14T13:38:26","slug":"project","status":"publish","type":"page","link":"https:\/\/clappinghands.co.uk\/es\/project\/","title":{"rendered":"Projects"},"content":{"rendered":"<h1 class=\"wp-block-heading\" align=\"center\"><span lang=\"es-ES\"><b>Explora nuestro trabajo.<\/b><\/span><\/h1>\n\n\n\n<p class=\"wp-block-paragraph\">&nbsp;<\/p>\n\n\n\n<div class=\"wp-block-group alignfull is-layout-flow wp-block-group-is-layout-flow\" style=\"margin-top:0;margin-bottom:0\">\n<div class=\"wp-block-media-text is-stacked-on-mobile\" style=\"grid-template-columns: 38% auto;\">\r\n<figure class=\"wp-block-media-text__media\"><img loading=\"lazy\" decoding=\"async\" width=\"1880\" height=\"1253\" data-attachment-id=\"249\" data-permalink=\"https:\/\/clappinghands.co.uk\/es\/project\/pexels-photo-168866\/\" data-orig-file=\"https:\/\/clappinghands.co.uk\/wp-content\/uploads\/2024\/11\/pexels-photo-168866.jpeg\" data-orig-size=\"1880,1253\" data-comments-opened=\"1\" data-image-meta=\"{&quot;aperture&quot;:&quot;0&quot;,&quot;credit&quot;:&quot;&quot;,&quot;camera&quot;:&quot;&quot;,&quot;caption&quot;:&quot;&quot;,&quot;created_timestamp&quot;:&quot;0&quot;,&quot;copyright&quot;:&quot;&quot;,&quot;focal_length&quot;:&quot;0&quot;,&quot;iso&quot;:&quot;0&quot;,&quot;shutter_speed&quot;:&quot;0&quot;,&quot;title&quot;:&quot;&quot;,&quot;orientation&quot;:&quot;0&quot;}\" data-image-title=\"pexels-photo-168866.jpeg\" data-image-description=\"\" data-image-caption=\"&lt;p&gt;Photo by Markus Spiske on &lt;a href=&quot;https:\/\/www.pexels.com\/es-es\/foto\/bloques-de-lego-verde-rojo-y-amarillo-168866\/&quot; rel=&quot;nofollow&quot;&gt;Pexels.com&lt;\/a&gt;&lt;\/p&gt;\" data-medium-file=\"https:\/\/clappinghands.co.uk\/wp-content\/uploads\/2024\/11\/pexels-photo-168866.jpeg\" data-large-file=\"https:\/\/clappinghands.co.uk\/wp-content\/uploads\/2024\/11\/pexels-photo-168866.jpeg\" class=\"wp-image-249 size-full\" src=\"https:\/\/clappinghands.co.uk\/wp-content\/uploads\/2024\/11\/pexels-photo-168866.jpeg\" alt=\"\" \/><\/figure>\r\n<div class=\"wp-block-media-text__content\">\r\n<p style=\"text-align: justify;\" align=\"justify\" class=\"translation-block\">La necesidad de apoyo de <b>habla y lenguaje accesible<\/b>, <b>listas de espera largas<\/b> y <b>brechas en los servicios<\/b> nos llev\u00f3 a establecer Clapping Hands CIC, una empresa de inter\u00e9s comunitario dedicada a mejorar los resultados de comunicaci\u00f3n temprana. Nuestros proyectos se centran en proporcionar apoyo de alta calidad, asequible y accesible para ni\u00f1os y familias, asegurando que los desaf\u00edos de desarrollo se identifiquen y aborden de manera temprana.<\/p>\r\n<p style=\"text-align: justify;\" align=\"justify\" class=\"translation-block\">En el coraz\u00f3n de nuestro trabajo hay un fuerte sentido de <b>comunidad<\/b>. Creemos que cada ni\u00f1o merece la oportunidad de comunicarse y conectarse, y estamos comprometidos a crear espacios inclusivos donde las familias se sientan apoyadas, escuchadas y empoderadas. Nuestro enfoque est\u00e1 en alcanzar a las familias en <b>\u00e1reas de ingresos bajos a medios<\/b> donde el acceso a la terapia privada es financieramente desafiante. Tambi\u00e9n apoyamos guarder\u00edas y servicios de primera infancia que necesitan recursos de desarrollo de alta calidad y rentables para ayudar a los ni\u00f1os a prosperar.<\/p>\r\n<p style=\"text-align: justify;\" align=\"justify\" class=\"translation-block\"><b>Al trabajar en estrecha<\/b> colaboraci\u00f3n con guarder\u00edas, servicios de la primera infancia y consejos locales, construimos soluciones sostenibles que no solo apoyan a los ni\u00f1os individualmente, sino que tambi\u00e9n fortalecen las redes a su alrededor. A trav\u00e9s de la colaboraci\u00f3n, la educaci\u00f3n y las experiencias compartidas, fomentamos un ambiente acogedor donde padres, educadores y profesionales <b>se unen para ayudar<\/b> a los ni\u00f1os a desarrollar las habilidades de comunicaci\u00f3n que necesitan para un \u00e9xito que dure toda la vida.<\/p>\r\n<\/div>\r\n<\/div>\r\n<p align=\"justify\">\u00a0<\/p>\n\n\n\n<div style=\"height:30px\" aria-hidden=\"true\" class=\"wp-block-spacer\"><\/div>\n\n\n\n<h1 class=\"wp-block-heading has-text-align-center\"><strong>\u00c9chale un vistazo a nuestros proyectos.<\/strong>.<\/h1>\n\n\n\n<div class=\"wp-block-buttons is-content-justification-center is-layout-flex wp-container-core-buttons-is-layout-77b97fe5 wp-block-buttons-is-layout-flex\">\n<div class=\"wp-block-button\"><a class=\"wp-block-button__link wp-element-button\" href=\"https:\/\/clappinghands.co.uk\/es\/roadtotalk\/\"><strong>Camino al habla.<\/strong><\/a><\/div>\n\n\n\n<div class=\"wp-block-button\"><a class=\"wp-block-button__link wp-element-button\" href=\"https:\/\/clappinghands.co.uk\/es\/earlysupport-2\/\"><strong>Apoyo temprano en los primero a\u00f1os.<\/strong><\/a><\/div>\n\n\n\n<div class=\"wp-block-button\"><a class=\"wp-block-button__link wp-element-button\" href=\"https:\/\/clappinghands.co.uk\/es\/training\/\"><strong>Entrenamiento y Talleres.<\/strong><\/a><\/div>\n\n\n\n<div class=\"wp-block-button\"><a class=\"wp-block-button__link wp-element-button\" href=\"https:\/\/clappinghands.co.uk\/es\/stayplay\/\"><strong>Centro Comunitario.<\/strong><\/a><\/div>\n<\/div>\n\n\n\n<div style=\"height:30px\" aria-hidden=\"true\" class=\"wp-block-spacer\"><\/div>\n\n\n\n<div class=\"wp-block-media-text has-media-on-the-right is-stacked-on-mobile\" style=\"grid-template-columns:auto 38%\"><div class=\"wp-block-media-text__content\">\n<p class=\"has-text-align-justify wp-block-paragraph\"><p>&nbsp;<\/p>\n<h1 align=\"center\"><b>Haciendo posible nuestro trabajo.<\/b><\/h1>\n<p class=\"has-text-align-justify has-text-align-justify\" style=\"text-align: justify;\">Esperamos desarrollar relaciones y colaboraciones con los ayuntamientos locales, guarder\u00edas y organizaciones de educaci\u00f3n infantil para crear modelos de prestaci\u00f3n de servicios colaborativos y asegurar referencias continuas.<\/p>\n<p class=\"has-text-align-justify has-text-align-justify translation-block\" style=\"text-align: justify;\"><strong>Subvenciones y fundaciones<\/strong>: Solicite financiamiento de fundaciones educativas, de salud y comunitarias para ayudar a mantener nuestra operaci\u00f3n.<\/p><\/p>\n\n\n\n<p class=\"has-text-align-justify wp-block-paragraph translation-block\"><strong>Financiaci\u00f3n para Inclusi\u00f3n<\/strong>: Apoyaremos al centro para que solicite la Financiaci\u00f3n para Inclusi\u00f3n para iniciar el proceso y evaluar al ni\u00f1o para una detecci\u00f3n temprana de necesidades.<\/p>\n\n\n\n<p class=\"has-text-align-justify wp-block-paragraph translation-block\"><strong>Subvenciones del Consejo<\/strong>: Solicitar\u00edamos financiaci\u00f3n del gobierno local y del consejo para apoyar nuestros servicios de intervenci\u00f3n temprana.<\/p>\n\n\n\n<p class=\"has-text-align-justify wp-block-paragraph translation-block\"><strong>Pago por Servicio<\/strong>: Los viveros, las guarder\u00edas y los entornos educativos se ofrecer\u00e1n paquetes de suscripci\u00f3n para servicios de terapia regulares. Se dispondr\u00e1 de una tarifa en escala m\u00f3vil para los padres que busquen servicios de terapia individual adicionales.<\/p>\n<\/div><figure class=\"wp-block-media-text__media\"><img loading=\"lazy\" decoding=\"async\" width=\"1880\" height=\"1253\" data-attachment-id=\"250\" data-permalink=\"https:\/\/clappinghands.co.uk\/es\/project\/pexels-photo-255514\/\" data-orig-file=\"https:\/\/clappinghands.co.uk\/wp-content\/uploads\/2024\/11\/pexels-photo-255514.jpeg\" data-orig-size=\"1880,1253\" data-comments-opened=\"1\" data-image-meta=\"{&quot;aperture&quot;:&quot;0&quot;,&quot;credit&quot;:&quot;&quot;,&quot;camera&quot;:&quot;&quot;,&quot;caption&quot;:&quot;&quot;,&quot;created_timestamp&quot;:&quot;0&quot;,&quot;copyright&quot;:&quot;&quot;,&quot;focal_length&quot;:&quot;0&quot;,&quot;iso&quot;:&quot;0&quot;,&quot;shutter_speed&quot;:&quot;0&quot;,&quot;title&quot;:&quot;&quot;,&quot;orientation&quot;:&quot;0&quot;}\" data-image-title=\"pexels-photo-255514.jpeg\" data-image-description=\"\" data-image-caption=\"&lt;p&gt;Photo by Pixabay on &lt;a href=&quot;https:\/\/www.pexels.com\/es-es\/foto\/miniatura-de-un-avion-255514\/&quot; rel=&quot;nofollow&quot;&gt;Pexels.com&lt;\/a&gt;&lt;\/p&gt;\" data-medium-file=\"https:\/\/clappinghands.co.uk\/wp-content\/uploads\/2024\/11\/pexels-photo-255514.jpeg\" data-large-file=\"https:\/\/clappinghands.co.uk\/wp-content\/uploads\/2024\/11\/pexels-photo-255514.jpeg\" src=\"https:\/\/clappinghands.co.uk\/wp-content\/uploads\/2024\/11\/pexels-photo-255514.jpeg\" alt=\"\" class=\"wp-image-250 size-full\"\/><\/figure><\/div>\n\n\n\n<h4 class=\"wp-block-heading has-text-align-center has-black-color has-text-color has-link-color wp-elements-85486cb0851d8b1af36061155716e759\"><strong>Contacta con el equipo en<\/strong><\/h4>\n\n\n\n<h3 class=\"wp-block-heading has-text-align-center has-luminous-vivid-amber-color has-text-color has-link-color wp-elements-7728c1aa39ef417aaa0f127d489b84ce\"><a href=\"mailto:hello.clappinghands@gmail.com\"><strong>nuestro correo electr\u00f3nico<\/strong><\/a><strong>&nbsp;<\/strong><\/h3>\n\n\n\n<h3 class=\"wp-block-heading has-text-align-center\"><strong>si est\u00e1s interesado en desarrollar asociaciones o futuros proyectos.<\/strong><\/h3>\n\n\n\n<div style=\"height:250px\" aria-hidden=\"true\" class=\"wp-block-spacer\"><\/div>\n<\/div>","protected":false},"excerpt":{"rendered":"<p>Explore our work. &nbsp; The need for accessible speech and language support, long waiting lists, and gaps in services led us to establish Clapping Hands CIC, a community interest company dedicated to improving early communication outcomes. Our projects focus on providing high-quality, affordable, and accessible support for children and families, ensuring that developmental challenges are [&hellip;]<\/p>\n","protected":false},"author":255808695,"featured_media":0,"parent":0,"menu_order":1,"comment_status":"closed","ping_status":"closed","template":"","meta":{"_crdt_document":"","footnotes":""},"class_list":["post-20","page","type-page","status-publish","hentry"],"yoast_head":"<!-- This site is optimized with the Yoast SEO plugin v27.3 - https:\/\/yoast.com\/product\/yoast-seo-wordpress\/ -->\n<title>Projects - Clapping Hands CIC.<\/title>\n<meta name=\"robots\" content=\"index, follow, max-snippet:-1, max-image-preview:large, max-video-preview:-1\" \/>\n<link rel=\"canonical\" href=\"https:\/\/clappinghands.co.uk\/es\/project\/\" \/>\n<meta property=\"og:locale\" content=\"es_ES\" \/>\n<meta property=\"og:type\" content=\"article\" \/>\n<meta property=\"og:title\" content=\"Projects - Clapping Hands CIC.\" \/>\n<meta property=\"og:description\" content=\"Explore our work. &nbsp; The need for accessible speech and language support, long waiting lists, and gaps in services led us to establish Clapping Hands CIC, a community interest company dedicated to improving early communication outcomes. Our projects focus on providing high-quality, affordable, and accessible support for children and families, ensuring that developmental challenges are [&hellip;]\" \/>\n<meta property=\"og:url\" content=\"https:\/\/clappinghands.co.uk\/es\/project\/\" \/>\n<meta property=\"og:site_name\" content=\"Clapping Hands CIC.\" \/>\n<meta property=\"article:publisher\" content=\"https:\/\/www.facebook.com\/share\/1C23DoXP8N\/?mibextid=wwXIfr\" \/>\n<meta property=\"article:modified_time\" content=\"2025-10-14T13:38:26+00:00\" \/>\n<meta property=\"og:image\" content=\"https:\/\/clappinghands.co.uk\/wp-content\/uploads\/2024\/11\/pexels-photo-168866.jpeg\" \/>\n\t<meta property=\"og:image:width\" content=\"1880\" \/>\n\t<meta property=\"og:image:height\" content=\"1253\" \/>\n\t<meta property=\"og:image:type\" content=\"image\/jpeg\" \/>\n<meta name=\"twitter:card\" content=\"summary_large_image\" \/>\n<meta name=\"twitter:label1\" content=\"Tiempo de lectura\" \/>\n\t<meta name=\"twitter:data1\" content=\"2 minutos\" \/>\n<script type=\"application\/ld+json\" class=\"yoast-schema-graph\">{\"@context\":\"https:\\\/\\\/schema.org\",\"@graph\":[{\"@type\":\"WebPage\",\"@id\":\"https:\\\/\\\/clappinghands.co.uk\\\/project\\\/\",\"url\":\"https:\\\/\\\/clappinghands.co.uk\\\/project\\\/\",\"name\":\"Projects - Clapping Hands CIC.\",\"isPartOf\":{\"@id\":\"https:\\\/\\\/www.clappinghands.co.uk\\\/#website\"},\"primaryImageOfPage\":{\"@id\":\"https:\\\/\\\/clappinghands.co.uk\\\/project\\\/#primaryimage\"},\"image\":{\"@id\":\"https:\\\/\\\/clappinghands.co.uk\\\/project\\\/#primaryimage\"},\"thumbnailUrl\":\"https:\\\/\\\/clappinghands.co.uk\\\/wp-content\\\/uploads\\\/2024\\\/11\\\/pexels-photo-168866.jpeg\",\"datePublished\":\"2024-11-21T16:02:01+00:00\",\"dateModified\":\"2025-10-14T13:38:26+00:00\",\"breadcrumb\":{\"@id\":\"https:\\\/\\\/clappinghands.co.uk\\\/project\\\/#breadcrumb\"},\"inLanguage\":\"es\",\"potentialAction\":[{\"@type\":\"ReadAction\",\"target\":[\"https:\\\/\\\/clappinghands.co.uk\\\/project\\\/\"]}]},{\"@type\":\"ImageObject\",\"inLanguage\":\"es\",\"@id\":\"https:\\\/\\\/clappinghands.co.uk\\\/project\\\/#primaryimage\",\"url\":\"https:\\\/\\\/clappinghands.co.uk\\\/wp-content\\\/uploads\\\/2024\\\/11\\\/pexels-photo-168866.jpeg\",\"contentUrl\":\"https:\\\/\\\/clappinghands.co.uk\\\/wp-content\\\/uploads\\\/2024\\\/11\\\/pexels-photo-168866.jpeg\"},{\"@type\":\"BreadcrumbList\",\"@id\":\"https:\\\/\\\/clappinghands.co.uk\\\/project\\\/#breadcrumb\",\"itemListElement\":[{\"@type\":\"ListItem\",\"position\":1,\"name\":\"Portada\",\"item\":\"https:\\\/\\\/clappinghands.co.uk\\\/\"},{\"@type\":\"ListItem\",\"position\":2,\"name\":\"Projects\"}]},{\"@type\":\"WebSite\",\"@id\":\"https:\\\/\\\/www.clappinghands.co.uk\\\/#website\",\"url\":\"https:\\\/\\\/www.clappinghands.co.uk\\\/\",\"name\":\"Clapping Hands CIC\",\"description\":\"\",\"publisher\":{\"@id\":\"https:\\\/\\\/www.clappinghands.co.uk\\\/#organization\"},\"potentialAction\":[{\"@type\":\"SearchAction\",\"target\":{\"@type\":\"EntryPoint\",\"urlTemplate\":\"https:\\\/\\\/www.clappinghands.co.uk\\\/?s={search_term_string}\"},\"query-input\":{\"@type\":\"PropertyValueSpecification\",\"valueRequired\":true,\"valueName\":\"search_term_string\"}}],\"inLanguage\":\"es\"},{\"@type\":\"Organization\",\"@id\":\"https:\\\/\\\/www.clappinghands.co.uk\\\/#organization\",\"name\":\"Clapping Hands CIC\",\"url\":\"https:\\\/\\\/www.clappinghands.co.uk\\\/\",\"logo\":{\"@type\":\"ImageObject\",\"inLanguage\":\"es\",\"@id\":\"https:\\\/\\\/www.clappinghands.co.uk\\\/#\\\/schema\\\/logo\\\/image\\\/\",\"url\":\"https:\\\/\\\/clappinghands.co.uk\\\/wp-content\\\/uploads\\\/2024\\\/12\\\/clapping-hands-logo.png\",\"contentUrl\":\"https:\\\/\\\/clappinghands.co.uk\\\/wp-content\\\/uploads\\\/2024\\\/12\\\/clapping-hands-logo.png\",\"width\":211,\"height\":107,\"caption\":\"Clapping Hands CIC\"},\"image\":{\"@id\":\"https:\\\/\\\/www.clappinghands.co.uk\\\/#\\\/schema\\\/logo\\\/image\\\/\"},\"sameAs\":[\"https:\\\/\\\/www.facebook.com\\\/share\\\/1C23DoXP8N\\\/?mibextid=wwXIfr\",\"https:\\\/\\\/www.instagram.com\\\/clapping.hands\\\/\"]}]}<\/script>\n<!-- \/ Yoast SEO plugin. -->","yoast_head_json":{"title":"Projects - Clapping Hands CIC.","robots":{"index":"index","follow":"follow","max-snippet":"max-snippet:-1","max-image-preview":"max-image-preview:large","max-video-preview":"max-video-preview:-1"},"canonical":"https:\/\/clappinghands.co.uk\/es\/project\/","og_locale":"es_ES","og_type":"article","og_title":"Projects - Clapping Hands CIC.","og_description":"Explore our work. &nbsp; The need for accessible speech and language support, long waiting lists, and gaps in services led us to establish Clapping Hands CIC, a community interest company dedicated to improving early communication outcomes. Our projects focus on providing high-quality, affordable, and accessible support for children and families, ensuring that developmental challenges are [&hellip;]","og_url":"https:\/\/clappinghands.co.uk\/es\/project\/","og_site_name":"Clapping Hands CIC.","article_publisher":"https:\/\/www.facebook.com\/share\/1C23DoXP8N\/?mibextid=wwXIfr","article_modified_time":"2025-10-14T13:38:26+00:00","og_image":[{"width":1880,"height":1253,"url":"https:\/\/clappinghands.co.uk\/wp-content\/uploads\/2024\/11\/pexels-photo-168866.jpeg","type":"image\/jpeg"}],"twitter_card":"summary_large_image","twitter_misc":{"Tiempo de lectura":"2 minutos"},"schema":{"@context":"https:\/\/schema.org","@graph":[{"@type":"WebPage","@id":"https:\/\/clappinghands.co.uk\/project\/","url":"https:\/\/clappinghands.co.uk\/project\/","name":"Projects - Clapping Hands CIC.","isPartOf":{"@id":"https:\/\/www.clappinghands.co.uk\/#website"},"primaryImageOfPage":{"@id":"https:\/\/clappinghands.co.uk\/project\/#primaryimage"},"image":{"@id":"https:\/\/clappinghands.co.uk\/project\/#primaryimage"},"thumbnailUrl":"https:\/\/clappinghands.co.uk\/wp-content\/uploads\/2024\/11\/pexels-photo-168866.jpeg","datePublished":"2024-11-21T16:02:01+00:00","dateModified":"2025-10-14T13:38:26+00:00","breadcrumb":{"@id":"https:\/\/clappinghands.co.uk\/project\/#breadcrumb"},"inLanguage":"es","potentialAction":[{"@type":"ReadAction","target":["https:\/\/clappinghands.co.uk\/project\/"]}]},{"@type":"ImageObject","inLanguage":"es","@id":"https:\/\/clappinghands.co.uk\/project\/#primaryimage","url":"https:\/\/clappinghands.co.uk\/wp-content\/uploads\/2024\/11\/pexels-photo-168866.jpeg","contentUrl":"https:\/\/clappinghands.co.uk\/wp-content\/uploads\/2024\/11\/pexels-photo-168866.jpeg"},{"@type":"BreadcrumbList","@id":"https:\/\/clappinghands.co.uk\/project\/#breadcrumb","itemListElement":[{"@type":"ListItem","position":1,"name":"Portada","item":"https:\/\/clappinghands.co.uk\/"},{"@type":"ListItem","position":2,"name":"Projects"}]},{"@type":"WebSite","@id":"https:\/\/www.clappinghands.co.uk\/#website","url":"https:\/\/www.clappinghands.co.uk\/","name":"Clapping Hands CIC","description":"","publisher":{"@id":"https:\/\/www.clappinghands.co.uk\/#organization"},"potentialAction":[{"@type":"SearchAction","target":{"@type":"EntryPoint","urlTemplate":"https:\/\/www.clappinghands.co.uk\/?s={search_term_string}"},"query-input":{"@type":"PropertyValueSpecification","valueRequired":true,"valueName":"search_term_string"}}],"inLanguage":"es"},{"@type":"Organization","@id":"https:\/\/www.clappinghands.co.uk\/#organization","name":"Clapping Hands CIC","url":"https:\/\/www.clappinghands.co.uk\/","logo":{"@type":"ImageObject","inLanguage":"es","@id":"https:\/\/www.clappinghands.co.uk\/#\/schema\/logo\/image\/","url":"https:\/\/clappinghands.co.uk\/wp-content\/uploads\/2024\/12\/clapping-hands-logo.png","contentUrl":"https:\/\/clappinghands.co.uk\/wp-content\/uploads\/2024\/12\/clapping-hands-logo.png","width":211,"height":107,"caption":"Clapping Hands CIC"},"image":{"@id":"https:\/\/www.clappinghands.co.uk\/#\/schema\/logo\/image\/"},"sameAs":["https:\/\/www.facebook.com\/share\/1C23DoXP8N\/?mibextid=wwXIfr","https:\/\/www.instagram.com\/clapping.hands\/"]}]}},"jetpack_likes_enabled":true,"jetpack_sharing_enabled":true,"jetpack_shortlink":"https:\/\/wp.me\/Pgnkpj-k","jetpack-related-posts":[],"_links":{"self":[{"href":"https:\/\/clappinghands.co.uk\/es\/wp-json\/wp\/v2\/pages\/20","targetHints":{"allow":["GET"]}}],"collection":[{"href":"https:\/\/clappinghands.co.uk\/es\/wp-json\/wp\/v2\/pages"}],"about":[{"href":"https:\/\/clappinghands.co.uk\/es\/wp-json\/wp\/v2\/types\/page"}],"author":[{"embeddable":true,"href":"https:\/\/clappinghands.co.uk\/es\/wp-json\/wp\/v2\/users\/255808695"}],"replies":[{"embeddable":true,"href":"https:\/\/clappinghands.co.uk\/es\/wp-json\/wp\/v2\/comments?post=20"}],"version-history":[{"count":53,"href":"https:\/\/clappinghands.co.uk\/es\/wp-json\/wp\/v2\/pages\/20\/revisions"}],"predecessor-version":[{"id":757,"href":"https:\/\/clappinghands.co.uk\/es\/wp-json\/wp\/v2\/pages\/20\/revisions\/757"}],"wp:attachment":[{"href":"https:\/\/clappinghands.co.uk\/es\/wp-json\/wp\/v2\/media?parent=20"}],"curies":[{"name":"wp","href":"https:\/\/api.w.org\/{rel}","templated":true}]}}